{"id":13436,"date":"2026-01-29T16:04:28","date_gmt":"2026-01-29T16:04:28","guid":{"rendered":"https:\/\/snardacchione.com\/?page_id=13436"},"modified":"2026-03-10T14:17:25","modified_gmt":"2026-03-10T14:17:25","slug":"contact","status":"publish","type":"page","link":"https:\/\/snardacchione.com\/es\/contact\/","title":{"rendered":"Contacto"},"content":{"rendered":"<div data-elementor-type=\"wp-page\" data-elementor-id=\"13436\" class=\"elementor elementor-13436\" data-elementor-post-type=\"page\">\n\t\t\t\t<div class=\"elementor-element elementor-element-f8acfe0 e-flex e-con-boxed e-con e-parent\" data-id=\"f8acfe0\" data-element_type=\"container\" data-e-type=\"container\">\n\t\t\t\t\t<div class=\"e-con-inner\">\n\t\t<div class=\"elementor-element elementor-element-689c80a e-con-full e-flex e-con e-child\" data-id=\"689c80a\" data-element_type=\"container\" data-e-type=\"container\">\n\t\t<div class=\"elementor-element elementor-element-fe2b152 e-con-full e-flex e-con e-child\" data-id=\"fe2b152\" data-element_type=\"container\" data-e-type=\"container\">\n\t\t\t\t<div class=\"elementor-element elementor-element-a81e6fe elementor-widget__width-initial elementor-invisible elementor-widget elementor-widget-heading\" data-id=\"a81e6fe\" data-element_type=\"widget\" data-e-type=\"widget\" data-settings=\"{&quot;_animation&quot;:&quot;fadeInUp&quot;}\" data-widget_type=\"heading.default\">\n\t\t\t\t<div class=\"elementor-widget-container\">\n\t\t\t\t\t<h2 class=\"elementor-heading-title elementor-size-default\">\u00bfTen\u00e9s un proyecto? Hablemos.<\/h2>\t\t\t\t<\/div>\n\t\t\t\t<\/div>\n\t\t\t\t<\/div>\n\t\t\t\t<div class=\"elementor-element elementor-element-76be4fc elementor-invisible elementor-widget elementor-widget-text-editor\" data-id=\"76be4fc\" data-element_type=\"widget\" data-e-type=\"widget\" data-settings=\"{&quot;_animation&quot;:&quot;fadeIn&quot;}\" data-widget_type=\"text-editor.default\">\n\t\t\t\t<div class=\"elementor-widget-container\">\n\t\t\t\t\t\t\t\t\t\u00bfTienes una idea en mente o un proyecto que necesita cobrar vida? Estoy aqu\u00ed para ayudarte. Ya sea que busques un sitio web desde cero o mejorar tu presencia actual, cu\u00e9ntame tus objetivos y te responder\u00e9 con una propuesta a tu medida.\t\t\t\t\t\t\t\t<\/div>\n\t\t\t\t<\/div>\n\t\t<div class=\"elementor-element elementor-element-d7fc57e e-con-full e-flex e-con e-child\" data-id=\"d7fc57e\" data-element_type=\"container\" data-e-type=\"container\">\n\t\t\t\t<\/div>\n\t\t\t\t<\/div>\n\t\t<div class=\"elementor-element elementor-element-cdca24d e-con-full e-flex e-con e-child\" data-id=\"cdca24d\" data-element_type=\"container\" data-e-type=\"container\">\n\t\t\t\t<\/div>\n\t\t\t\t\t<\/div>\n\t\t\t\t<\/div>\n\t\t\t\t<\/div>","protected":false},"excerpt":{"rendered":"<p>\u00bfTen\u00e9s un proyecto? Hablemos. \u00bfTienes una idea en mente o un proyecto que necesita cobrar vida? Estoy aqu\u00ed para ayudarte. Ya sea que busques un sitio web desde cero o mejorar tu presencia actual, cu\u00e9ntame tus objetivos y te responder\u00e9 con una propuesta a tu medida. Whatsapp (+39) 371536 4830 E-mail nardacchioneit@gmail.com Contact form Nombre [&hellip;]<\/p>","protected":false},"author":2,"featured_media":0,"parent":0,"menu_order":0,"comment_status":"closed","ping_status":"closed","template":"","meta":{"footnotes":""},"class_list":["post-13436","page","type-page","status-publish","hentry"],"_links":{"self":[{"href":"https:\/\/snardacchione.com\/es\/wp-json\/wp\/v2\/pages\/13436","targetHints":{"allow":["GET"]}}],"collection":[{"href":"https:\/\/snardacchione.com\/es\/wp-json\/wp\/v2\/pages"}],"about":[{"href":"https:\/\/snardacchione.com\/es\/wp-json\/wp\/v2\/types\/page"}],"author":[{"embeddable":true,"href":"https:\/\/snardacchione.com\/es\/wp-json\/wp\/v2\/users\/2"}],"replies":[{"embeddable":true,"href":"https:\/\/snardacchione.com\/es\/wp-json\/wp\/v2\/comments?post=13436"}],"version-history":[{"count":5,"href":"https:\/\/snardacchione.com\/es\/wp-json\/wp\/v2\/pages\/13436\/revisions"}],"predecessor-version":[{"id":13820,"href":"https:\/\/snardacchione.com\/es\/wp-json\/wp\/v2\/pages\/13436\/revisions\/13820"}],"wp:attachment":[{"href":"https:\/\/snardacchione.com\/es\/wp-json\/wp\/v2\/media?parent=13436"}],"curies":[{"name":"wp","href":"https:\/\/api.w.org\/{rel}","templated":true}]}}